{"id":1039,"date":"2026-01-26T13:51:23","date_gmt":"2026-01-26T13:51:23","guid":{"rendered":"https:\/\/dev.photospott.com\/?page_id=1039"},"modified":"2026-02-08T02:05:56","modified_gmt":"2026-02-08T02:05:56","slug":"modna-i-brand-fotografia","status":"publish","type":"page","link":"https:\/\/dev.photospott.com\/tr\/modna-i-brand-fotografia\/","title":{"rendered":"Moda ve Marka Foto\u011fraf\u00e7\u0131l\u0131\u011f\u0131"},"content":{"rendered":"<div data-elementor-type=\"wp-page\" data-elementor-id=\"1039\" class=\"elementor elementor-1039\" data-elementor-post-type=\"page\">\n\t\t\t\t<div class=\"wd-negative-gap elementor-element elementor-element-a526038 wd-section-stretch-content e-flex e-con-boxed e-con e-parent\" data-id=\"a526038\" data-element_type=\"container\">\n\t\t\t\t\t<div class=\"e-con-inner\">\n\t\t\t\t<div class=\"elementor-element elementor-element-a9498e5 wd-animation-slide-from-top wd-animation-fast wd_delay_100 wd-animation wd-transform elementor-widget elementor-widget-heading\" data-id=\"a9498e5\" data-element_type=\"widget\" data-widget_type=\"heading.default\">\n\t\t\t\t\t<h2 class=\"elementor-heading-title elementor-size-default\">MODA VE MARKA FOTO\u011eRAF\u00c7ILI\u011eI\n<\/h2>\t\t\t\t<\/div>\n\t\t\t\t\t<\/div>\n\t\t\t\t<\/div>\n\t\t<div class=\"elementor-element elementor-element-3e149ef wd-section-stretch-content e-flex e-con-boxed e-con e-parent\" data-id=\"3e149ef\" data-element_type=\"container\">\n\t\t\t\t\t<div class=\"e-con-inner\">\n\t\t\t\t<div class=\"elementor-element elementor-element-9c50610 wd-width-100 elementor-widget elementor-widget-wd_images_gallery\" data-id=\"9c50610\" data-element_type=\"widget\" data-widget_type=\"wd_images_gallery.default\">\n\t\t\t\t<div class=\"elementor-widget-container\">\n\t\t\t\t\t\t\t<div class=\"wd-images-gallery photoswipe-images\" style=\"--wd-align-items:center; --wd-justify-content:center;\">\n\t\t\t\t\t\t<div class=\"wd-masonry wd-grid-f-col\" style=\"--wd-col-lg:3;--wd-col-md:3;--wd-col-sm:1;--wd-gap-lg:10px;\" >\n\t\t\t\t\t\t\t\t\t\t\t\t\t\t\t\t\t\t<div class=\"wd-gallery-item wd-col\">\n\t\t\t\t\t\t\t\t\t\t\t\t\t<a  href=\"https:\/\/dev.photospott.com\/wp-content\/uploads\/2026\/02\/DSC01188-scaled.jpg\" data-width=\"1707\" data-height=\"2560\" data-index=\"1\" data-elementor-open-lightbox=\"no\">\n\t\t\t\t\t\t\n\t\t\t\t\t\t<img loading=\"lazy\" decoding=\"async\" width=\"683\" height=\"1024\" src=\"https:\/\/dev.photospott.com\/wp-content\/uploads\/2026\/02\/DSC01188-683x1024.jpg\" class=\"attachment-large size-large\" alt=\"DSC01188\" srcset=\"https:\/\/dev.photospott.com\/wp-content\/uploads\/2026\/02\/DSC01188-683x1024.jpg 683w, https:\/\/dev.photospott.com\/wp-content\/uploads\/2026\/02\/DSC01188-200x300.jpg 200w, https:\/\/dev.photospott.com\/wp-content\/uploads\/2026\/02\/DSC01188-768x1152.jpg 768w, https:\/\/dev.photospott.com\/wp-content\/uploads\/2026\/02\/DSC01188-1024x1536.jpg 1024w, https:\/\/dev.photospott.com\/wp-content\/uploads\/2026\/02\/DSC01188-1365x2048.jpg 1365w, https:\/\/dev.photospott.com\/wp-content\/uploads\/2026\/02\/DSC01188-8x12.jpg 8w, https:\/\/dev.photospott.com\/wp-content\/uploads\/2026\/02\/DSC01188-600x900.jpg 600w, https:\/\/dev.photospott.com\/wp-content\/uploads\/2026\/02\/DSC01188-150x225.jpg 150w, https:\/\/dev.photospott.com\/wp-content\/uploads\/2026\/02\/DSC01188-scaled.jpg 1707w\" sizes=\"auto, (max-width: 683px) 100vw, 683px\" \/>\n\t\t\t\t\t\t\t\t\t\t\t\t\t<\/a>\n\t\t\t\t\t\t\t\t\t\t\t<\/div>\n\t\t\t\t\t\t\t\t\t\t\t\t\t\t\t<div class=\"wd-gallery-item wd-col\">\n\t\t\t\t\t\t\t\t\t\t\t\t\t<a  href=\"https:\/\/dev.photospott.com\/wp-content\/uploads\/2026\/02\/DSC01328-scaled.jpg\" data-width=\"2560\" data-height=\"1707\" data-index=\"2\" data-elementor-open-lightbox=\"no\">\n\t\t\t\t\t\t\n\t\t\t\t\t\t<img loading=\"lazy\" decoding=\"async\" width=\"1024\" height=\"683\" src=\"https:\/\/dev.photospott.com\/wp-content\/uploads\/2026\/02\/DSC01328-1024x683.jpg\" class=\"attachment-large size-large\" alt=\"DSC01328\" srcset=\"https:\/\/dev.photospott.com\/wp-content\/uploads\/2026\/02\/DSC01328-1024x683.jpg 1024w, https:\/\/dev.photospott.com\/wp-content\/uploads\/2026\/02\/DSC01328-300x200.jpg 300w, https:\/\/dev.photospott.com\/wp-content\/uploads\/2026\/02\/DSC01328-768x512.jpg 768w, https:\/\/dev.photospott.com\/wp-content\/uploads\/2026\/02\/DSC01328-1536x1024.jpg 1536w, https:\/\/dev.photospott.com\/wp-content\/uploads\/2026\/02\/DSC01328-2048x1365.jpg 2048w, https:\/\/dev.photospott.com\/wp-content\/uploads\/2026\/02\/DSC01328-18x12.jpg 18w, https:\/\/dev.photospott.com\/wp-content\/uploads\/2026\/02\/DSC01328-600x400.jpg 600w, https:\/\/dev.photospott.com\/wp-content\/uploads\/2026\/02\/DSC01328-150x100.jpg 150w\" sizes=\"auto, (max-width: 1024px) 100vw, 1024px\" \/>\n\t\t\t\t\t\t\t\t\t\t\t\t\t<\/a>\n\t\t\t\t\t\t\t\t\t\t\t<\/div>\n\t\t\t\t\t\t\t\t\t\t\t\t\t\t\t<div class=\"wd-gallery-item wd-col\">\n\t\t\t\t\t\t\t\t\t\t\t\t\t<a  href=\"https:\/\/dev.photospott.com\/wp-content\/uploads\/2026\/02\/DSC04869-Enhanced-NR-scaled.jpg\" data-width=\"1707\" data-height=\"2560\" data-index=\"3\" data-elementor-open-lightbox=\"no\">\n\t\t\t\t\t\t\n\t\t\t\t\t\t<img loading=\"lazy\" decoding=\"async\" width=\"683\" height=\"1024\" src=\"https:\/\/dev.photospott.com\/wp-content\/uploads\/2026\/02\/DSC04869-Enhanced-NR-683x1024.jpg\" class=\"attachment-large size-large\" alt=\"DSC04869-Enhanced-NR\" srcset=\"https:\/\/dev.photospott.com\/wp-content\/uploads\/2026\/02\/DSC04869-Enhanced-NR-683x1024.jpg 683w, https:\/\/dev.photospott.com\/wp-content\/uploads\/2026\/02\/DSC04869-Enhanced-NR-200x300.jpg 200w, https:\/\/dev.photospott.com\/wp-content\/uploads\/2026\/02\/DSC04869-Enhanced-NR-768x1152.jpg 768w, https:\/\/dev.photospott.com\/wp-content\/uploads\/2026\/02\/DSC04869-Enhanced-NR-1024x1536.jpg 1024w, https:\/\/dev.photospott.com\/wp-content\/uploads\/2026\/02\/DSC04869-Enhanced-NR-1365x2048.jpg 1365w, https:\/\/dev.photospott.com\/wp-content\/uploads\/2026\/02\/DSC04869-Enhanced-NR-8x12.jpg 8w, https:\/\/dev.photospott.com\/wp-content\/uploads\/2026\/02\/DSC04869-Enhanced-NR-600x900.jpg 600w, https:\/\/dev.photospott.com\/wp-content\/uploads\/2026\/02\/DSC04869-Enhanced-NR-150x225.jpg 150w, https:\/\/dev.photospott.com\/wp-content\/uploads\/2026\/02\/DSC04869-Enhanced-NR-scaled.jpg 1707w\" sizes=\"auto, (max-width: 683px) 100vw, 683px\" \/>\n\t\t\t\t\t\t\t\t\t\t\t\t\t<\/a>\n\t\t\t\t\t\t\t\t\t\t\t<\/div>\n\t\t\t\t\t\t\t\t\t\t\t\t\t\t\t<div class=\"wd-gallery-item wd-col\">\n\t\t\t\t\t\t\t\t\t\t\t\t\t<a  href=\"https:\/\/dev.photospott.com\/wp-content\/uploads\/2026\/02\/DSC05547-scaled.jpg\" data-width=\"1440\" data-height=\"2560\" data-index=\"4\" data-elementor-open-lightbox=\"no\">\n\t\t\t\t\t\t\n\t\t\t\t\t\t<img loading=\"lazy\" decoding=\"async\" width=\"576\" height=\"1024\" src=\"https:\/\/dev.photospott.com\/wp-content\/uploads\/2026\/02\/DSC05547-576x1024.jpg\" class=\"attachment-large size-large\" alt=\"DSC05547\" srcset=\"https:\/\/dev.photospott.com\/wp-content\/uploads\/2026\/02\/DSC05547-576x1024.jpg 576w, https:\/\/dev.photospott.com\/wp-content\/uploads\/2026\/02\/DSC05547-169x300.jpg 169w, https:\/\/dev.photospott.com\/wp-content\/uploads\/2026\/02\/DSC05547-768x1365.jpg 768w, https:\/\/dev.photospott.com\/wp-content\/uploads\/2026\/02\/DSC05547-864x1536.jpg 864w, https:\/\/dev.photospott.com\/wp-content\/uploads\/2026\/02\/DSC05547-1152x2048.jpg 1152w, https:\/\/dev.photospott.com\/wp-content\/uploads\/2026\/02\/DSC05547-7x12.jpg 7w, https:\/\/dev.photospott.com\/wp-content\/uploads\/2026\/02\/DSC05547-600x1067.jpg 600w, https:\/\/dev.photospott.com\/wp-content\/uploads\/2026\/02\/DSC05547-150x267.jpg 150w, https:\/\/dev.photospott.com\/wp-content\/uploads\/2026\/02\/DSC05547-scaled.jpg 1440w\" sizes=\"auto, (max-width: 576px) 100vw, 576px\" \/>\n\t\t\t\t\t\t\t\t\t\t\t\t\t<\/a>\n\t\t\t\t\t\t\t\t\t\t\t<\/div>\n\t\t\t\t\t\t\t\t\t\t\t\t\t\t\t<div class=\"wd-gallery-item wd-col\">\n\t\t\t\t\t\t\t\t\t\t\t\t\t<a  href=\"https:\/\/dev.photospott.com\/wp-content\/uploads\/2026\/02\/DSC05818-scaled.jpg\" data-width=\"1707\" data-height=\"2560\" data-index=\"5\" data-elementor-open-lightbox=\"no\">\n\t\t\t\t\t\t\n\t\t\t\t\t\t<img loading=\"lazy\" decoding=\"async\" width=\"683\" height=\"1024\" src=\"https:\/\/dev.photospott.com\/wp-content\/uploads\/2026\/02\/DSC05818-683x1024.jpg\" class=\"attachment-large size-large\" alt=\"DSC05818\" srcset=\"https:\/\/dev.photospott.com\/wp-content\/uploads\/2026\/02\/DSC05818-683x1024.jpg 683w, https:\/\/dev.photospott.com\/wp-content\/uploads\/2026\/02\/DSC05818-200x300.jpg 200w, https:\/\/dev.photospott.com\/wp-content\/uploads\/2026\/02\/DSC05818-768x1152.jpg 768w, https:\/\/dev.photospott.com\/wp-content\/uploads\/2026\/02\/DSC05818-1024x1536.jpg 1024w, https:\/\/dev.photospott.com\/wp-content\/uploads\/2026\/02\/DSC05818-1365x2048.jpg 1365w, https:\/\/dev.photospott.com\/wp-content\/uploads\/2026\/02\/DSC05818-8x12.jpg 8w, https:\/\/dev.photospott.com\/wp-content\/uploads\/2026\/02\/DSC05818-600x900.jpg 600w, https:\/\/dev.photospott.com\/wp-content\/uploads\/2026\/02\/DSC05818-150x225.jpg 150w, https:\/\/dev.photospott.com\/wp-content\/uploads\/2026\/02\/DSC05818-scaled.jpg 1707w\" sizes=\"auto, (max-width: 683px) 100vw, 683px\" \/>\n\t\t\t\t\t\t\t\t\t\t\t\t\t<\/a>\n\t\t\t\t\t\t\t\t\t\t\t<\/div>\n\t\t\t\t\t\t\t\t\t\t\t\t\t\t\t<div class=\"wd-gallery-item wd-col\">\n\t\t\t\t\t\t\t\t\t\t\t\t\t<a  href=\"https:\/\/dev.photospott.com\/wp-content\/uploads\/2026\/02\/DSC08407-scaled.jpg\" data-width=\"1707\" data-height=\"2560\" data-index=\"6\" data-elementor-open-lightbox=\"no\">\n\t\t\t\t\t\t\n\t\t\t\t\t\t<img loading=\"lazy\" decoding=\"async\" width=\"683\" height=\"1024\" src=\"https:\/\/dev.photospott.com\/wp-content\/uploads\/2026\/02\/DSC08407-683x1024.jpg\" class=\"attachment-large size-large\" alt=\"DSC08407\" srcset=\"https:\/\/dev.photospott.com\/wp-content\/uploads\/2026\/02\/DSC08407-683x1024.jpg 683w, https:\/\/dev.photospott.com\/wp-content\/uploads\/2026\/02\/DSC08407-200x300.jpg 200w, https:\/\/dev.photospott.com\/wp-content\/uploads\/2026\/02\/DSC08407-768x1152.jpg 768w, https:\/\/dev.photospott.com\/wp-content\/uploads\/2026\/02\/DSC08407-1024x1536.jpg 1024w, https:\/\/dev.photospott.com\/wp-content\/uploads\/2026\/02\/DSC08407-1365x2048.jpg 1365w, https:\/\/dev.photospott.com\/wp-content\/uploads\/2026\/02\/DSC08407-8x12.jpg 8w, https:\/\/dev.photospott.com\/wp-content\/uploads\/2026\/02\/DSC08407-600x900.jpg 600w, https:\/\/dev.photospott.com\/wp-content\/uploads\/2026\/02\/DSC08407-150x225.jpg 150w, https:\/\/dev.photospott.com\/wp-content\/uploads\/2026\/02\/DSC08407-scaled.jpg 1707w\" sizes=\"auto, (max-width: 683px) 100vw, 683px\" \/>\n\t\t\t\t\t\t\t\t\t\t\t\t\t<\/a>\n\t\t\t\t\t\t\t\t\t\t\t<\/div>\n\t\t\t\t\t\t\t\t\t\t\t\t\t<\/div>\n\t\t\t\t\t<\/div>\n\t\t\t\t\t\t<\/div>\n\t\t\t\t<\/div>\n\t\t\t\t\t<\/div>\n\t\t\t\t<\/div>\n\t\t\t\t<\/div>","protected":false},"excerpt":{"rendered":"<p>MODA VE MARKA FOTO\u011eRAF\u00c7ILI\u011eI<\/p>","protected":false},"author":1,"featured_media":0,"parent":0,"menu_order":0,"comment_status":"closed","ping_status":"closed","template":"","meta":{"footnotes":""},"class_list":["post-1039","page","type-page","status-publish","hentry"],"_links":{"self":[{"href":"https:\/\/dev.photospott.com\/tr\/wp-json\/wp\/v2\/pages\/1039","targetHints":{"allow":["GET"]}}],"collection":[{"href":"https:\/\/dev.photospott.com\/tr\/wp-json\/wp\/v2\/pages"}],"about":[{"href":"https:\/\/dev.photospott.com\/tr\/wp-json\/wp\/v2\/types\/page"}],"author":[{"embeddable":true,"href":"https:\/\/dev.photospott.com\/tr\/wp-json\/wp\/v2\/users\/1"}],"replies":[{"embeddable":true,"href":"https:\/\/dev.photospott.com\/tr\/wp-json\/wp\/v2\/comments?post=1039"}],"version-history":[{"count":47,"href":"https:\/\/dev.photospott.com\/tr\/wp-json\/wp\/v2\/pages\/1039\/revisions"}],"predecessor-version":[{"id":1596,"href":"https:\/\/dev.photospott.com\/tr\/wp-json\/wp\/v2\/pages\/1039\/revisions\/1596"}],"wp:attachment":[{"href":"https:\/\/dev.photospott.com\/tr\/wp-json\/wp\/v2\/media?parent=1039"}],"curies":[{"name":"wp","href":"https:\/\/api.w.org\/{rel}","templated":true}]}}